{"id":3589,"date":"2025-05-07T13:49:51","date_gmt":"2025-05-07T13:49:51","guid":{"rendered":"https:\/\/mquatro.es\/?page_id=3589"},"modified":"2025-05-07T14:30:37","modified_gmt":"2025-05-07T14:30:37","slug":"noticias","status":"publish","type":"page","link":"https:\/\/mquatro.es\/eu\/noticias\/","title":{"rendered":"Berriak"},"content":{"rendered":"<div data-elementor-type=\"wp-page\" data-elementor-id=\"3589\" class=\"elementor elementor-3589\" data-elementor-post-type=\"page\">\n\t\t\t\t<div class=\"elementor-element elementor-element-22e6e64 e-flex e-con-boxed e-con e-parent\" data-id=\"22e6e64\" data-element_type=\"container\" data-e-type=\"container\" data-settings=\"{&quot;background_background&quot;:&quot;classic&quot;}\">\n\t\t\t\t\t<div class=\"e-con-inner\">\n\t\t<div class=\"elementor-element elementor-element-016820f e-con-full e-flex elementor-invisible e-con e-child\" data-id=\"016820f\" data-element_type=\"container\" data-e-type=\"container\" data-settings=\"{&quot;animation&quot;:&quot;fadeInRight&quot;,&quot;background_background&quot;:&quot;classic&quot;}\">\n\t\t\t\t<div class=\"elementor-element elementor-element-97aedc2 elementor-posts--align-center elementor-grid-3 elementor-grid-tablet-2 elementor-grid-mobile-1 elementor-posts--thumbnail-top elementor-card-shadow-yes elementor-posts__hover-gradient elementor-widget elementor-widget-posts\" data-id=\"97aedc2\" data-element_type=\"widget\" data-e-type=\"widget\" data-settings=\"{&quot;cards_columns&quot;:&quot;3&quot;,&quot;cards_columns_tablet&quot;:&quot;2&quot;,&quot;cards_columns_mobile&quot;:&quot;1&quot;,&quot;cards_row_gap&quot;:{&quot;unit&quot;:&quot;px&quot;,&quot;size&quot;:35,&quot;sizes&quot;:[]},&quot;cards_row_gap_tablet&quot;:{&quot;unit&quot;:&quot;px&quot;,&quot;size&quot;:&quot;&quot;,&quot;sizes&quot;:[]},&quot;cards_row_gap_mobile&quot;:{&quot;unit&quot;:&quot;px&quot;,&quot;size&quot;:&quot;&quot;,&quot;sizes&quot;:[]}}\" data-widget_type=\"posts.cards\">\n\t\t\t\t<div class=\"elementor-widget-container\">\n\t\t\t\t\t\t\t<div class=\"elementor-posts-container elementor-posts elementor-posts--skin-cards elementor-grid\" role=\"list\">\n\t\t\t\t<article class=\"elementor-post elementor-grid-item post-4102 post type-post status-publish format-standard hentry category-uncategorized\" role=\"listitem\">\n\t\t\t<div class=\"elementor-post__card\">\n\t\t\t\t<div class=\"elementor-post__text\">\n\t\t\t\t<h1 class=\"elementor-post__title\">\n\t\t\t<a href=\"https:\/\/mquatro.es\/eu\/pais-vasco-novedades-tributarias-para-personas-fisicas-2025-y-2026\/\" target=\"&quot;_blank&quot;\">\n\t\t\t\tPa\u00eds Vasco \u2013 Novedades tributarias para personas f\u00edsicas 2025 y 2026\t\t\t<\/a>\n\t\t<\/h1>\n\t\t\t\t<div class=\"elementor-post__excerpt\">\n\t\t\t<p>10\/04\/2025 Pa\u00eds Vasco \u2013 Novedades tributarias para personas f\u00edsicas 2025 y 2026 Introducci\u00f3n 1. Impuesto sobre la Renta de las Personas F\u00edsicas (IRPF) 1.1 Nueva escala del ahorro Con efectos desde el 1 de enero de 2026, se modifica la escala progresiva de gravamen aplicable a las rentas del ahorro<\/p>\n\t\t<\/div>\n\t\t\t\t\t<div class=\"elementor-post__read-more-wrapper\">\n\t\t\n\t\t<a class=\"elementor-post__read-more\" href=\"https:\/\/mquatro.es\/eu\/pais-vasco-novedades-tributarias-para-personas-fisicas-2025-y-2026\/\" aria-label=\"Read more about Pa\u00eds Vasco \u2013 Novedades tributarias para personas f\u00edsicas 2025 y 2026\" tabindex=\"-1\" target=\"_blank\">\n\t\t\tLeer m\u00e1s \u00bb\t\t<\/a>\n\n\t\t\t\t\t<\/div>\n\t\t\t\t<\/div>\n\t\t\t\t\t<\/div>\n\t\t<\/article>\n\t\t\t\t<article class=\"elementor-post elementor-grid-item post-3658 post type-post status-publish format-standard hentry category-uncategorized\" role=\"listitem\">\n\t\t\t<div class=\"elementor-post__card\">\n\t\t\t\t<div class=\"elementor-post__text\">\n\t\t\t\t<h1 class=\"elementor-post__title\">\n\t\t\t<a href=\"https:\/\/mquatro.es\/eu\/comienza-el-plazo-para-presentar-la-declaracion-de-la-renta-en-bizkaia-del-10-de-abril-al-30-de-junio\/\" target=\"&quot;_blank&quot;\">\n\t\t\t\tComienza el plazo para presentar la Declaraci\u00f3n de la Renta en Bizkaia: del 10 de abril al 30 de junio\t\t\t<\/a>\n\t\t<\/h1>\n\t\t\t\t<div class=\"elementor-post__excerpt\">\n\t\t\t<p>10\/04\/2025 Departamento de Hacienda y Finanzas de Bizkaia El 10 de abril marca el inicio de la campa\u00f1a para la presentaci\u00f3n de la declaraci\u00f3n del impuesto sobre la renta de las personas f\u00edsicas (IRPF) correspondiente al ejercicio 2024. Este proceso se desarrollar\u00e1 hasta el 30 de junio, y los contribuyentes<\/p>\n\t\t<\/div>\n\t\t\t\t\t<div class=\"elementor-post__read-more-wrapper\">\n\t\t\n\t\t<a class=\"elementor-post__read-more\" href=\"https:\/\/mquatro.es\/eu\/comienza-el-plazo-para-presentar-la-declaracion-de-la-renta-en-bizkaia-del-10-de-abril-al-30-de-junio\/\" aria-label=\"Read more about Comienza el plazo para presentar la Declaraci\u00f3n de la Renta en Bizkaia: del 10 de abril al 30 de junio\" tabindex=\"-1\" target=\"_blank\">\n\t\t\tLeer m\u00e1s \u00bb\t\t<\/a>\n\n\t\t\t\t\t<\/div>\n\t\t\t\t<\/div>\n\t\t\t\t\t<\/div>\n\t\t<\/article>\n\t\t\t\t<article class=\"elementor-post elementor-grid-item post-3650 post type-post status-publish format-standard hentry category-uncategorized\" role=\"listitem\">\n\t\t\t<div class=\"elementor-post__card\">\n\t\t\t\t<div class=\"elementor-post__text\">\n\t\t\t\t<h1 class=\"elementor-post__title\">\n\t\t\t<a href=\"https:\/\/mquatro.es\/eu\/bizkaia-regularizo-4488-millones-de-euros-en-2024-en-mas-de-medio-millon-de-actuaciones-contra-el-fraude-fiscal\/\" target=\"&quot;_blank&quot;\">\n\t\t\t\tBizkaia regulariz\u00f3 448,8 millones de euros en 2024 en m\u00e1s de medio mill\u00f3n de actuaciones contra el fraude fiscal\t\t\t<\/a>\n\t\t<\/h1>\n\t\t\t\t<div class=\"elementor-post__excerpt\">\n\t\t\t<p>27\/03\/2025 Departamento de Hacienda y Finanzas La Hacienda Foral de Bizkaia ha presentado un balance muy positivo en su lucha contra el fraude fiscal durante el a\u00f1o 2024, con un total de 574.793 actuaciones realizadas en el marco del Plan de Lucha contra el Fraude Fiscal. Estas actuaciones han permitido<\/p>\n\t\t<\/div>\n\t\t\t\t\t<div class=\"elementor-post__read-more-wrapper\">\n\t\t\n\t\t<a class=\"elementor-post__read-more\" href=\"https:\/\/mquatro.es\/eu\/bizkaia-regularizo-4488-millones-de-euros-en-2024-en-mas-de-medio-millon-de-actuaciones-contra-el-fraude-fiscal\/\" aria-label=\"Read more about Bizkaia regulariz\u00f3 448,8 millones de euros en 2024 en m\u00e1s de medio mill\u00f3n de actuaciones contra el fraude fiscal\" tabindex=\"-1\" target=\"_blank\">\n\t\t\tLeer m\u00e1s \u00bb\t\t<\/a>\n\n\t\t\t\t\t<\/div>\n\t\t\t\t<\/div>\n\t\t\t\t\t<\/div>\n\t\t<\/article>\n\t\t\t\t<article class=\"elementor-post elementor-grid-item post-3645 post type-post status-publish format-standard hentry category-uncategorized\" role=\"listitem\">\n\t\t\t<div class=\"elementor-post__card\">\n\t\t\t\t<div class=\"elementor-post__text\">\n\t\t\t\t<h1 class=\"elementor-post__title\">\n\t\t\t<a href=\"https:\/\/mquatro.es\/eu\/la-diputacion-foral-aprueba-modificaciones-en-el-impuesto-sobre-la-renta-de-las-personas-fisicas-y-del-impuesto-sobre-sociedades\/\" target=\"&quot;_blank&quot;\">\n\t\t\t\tLa Diputaci\u00f3n Foral aprueba modificaciones en el impuesto sobre la renta de las personas f\u00edsicas y del Impuesto sobre Sociedades\t\t\t<\/a>\n\t\t<\/h1>\n\t\t\t\t<div class=\"elementor-post__excerpt\">\n\t\t\t<p>13\/02\/2025 La Diputaci\u00f3n Foral de Bizkaia ha aprobado importantes modificaciones en los Reglamentos del impuesto sobre la renta de las personas f\u00edsicas (IRPF) y el Impuesto sobre Sociedades, que se implementar\u00e1n a partir del ejercicio 2025. Estas modificaciones siguen lo dispuesto en la Norma Foral 4\/2024, de 27 de diciembre,<\/p>\n\t\t<\/div>\n\t\t\t\t\t<div class=\"elementor-post__read-more-wrapper\">\n\t\t\n\t\t<a class=\"elementor-post__read-more\" href=\"https:\/\/mquatro.es\/eu\/la-diputacion-foral-aprueba-modificaciones-en-el-impuesto-sobre-la-renta-de-las-personas-fisicas-y-del-impuesto-sobre-sociedades\/\" aria-label=\"Read more about La Diputaci\u00f3n Foral aprueba modificaciones en el impuesto sobre la renta de las personas f\u00edsicas y del Impuesto sobre Sociedades\" tabindex=\"-1\" target=\"_blank\">\n\t\t\tLeer m\u00e1s \u00bb\t\t<\/a>\n\n\t\t\t\t\t<\/div>\n\t\t\t\t<\/div>\n\t\t\t\t\t<\/div>\n\t\t<\/article>\n\t\t\t\t<article class=\"elementor-post elementor-grid-item post-3640 post type-post status-publish format-standard hentry category-uncategorized\" role=\"listitem\">\n\t\t\t<div class=\"elementor-post__card\">\n\t\t\t\t<div class=\"elementor-post__text\">\n\t\t\t\t<h1 class=\"elementor-post__title\">\n\t\t\t<a href=\"https:\/\/mquatro.es\/eu\/acuerdo-historico-en-la-comision-mixta-del-concierto-economico-los-contribuyentes-vascos-no-adelantaran-el-iva-en-aduanas-a-partir-de-2026\/\" target=\"&quot;_blank&quot;\">\n\t\t\t\tAcuerdo hist\u00f3rico en la Comisi\u00f3n Mixta del Concierto Econ\u00f3mico: los contribuyentes vascos no adelantar\u00e1n el IVA en aduanas a partir de 2026\t\t\t<\/a>\n\t\t<\/h1>\n\t\t\t\t<div class=\"elementor-post__excerpt\">\n\t\t\t<p>06\/02\/2025 La Comisi\u00f3n Mixta del Concierto Econ\u00f3mico ha alcanzado un acuerdo un\u00e1nime para modificar el Concierto e incorporar una nueva disposici\u00f3n adicional que permitir\u00e1 a las personas contribuyentes que tributan a las Haciendas Forales acogerse al sistema de diferimiento del IVA en importaciones. Esta medida eliminar\u00e1 la obligaci\u00f3n de adelantar<\/p>\n\t\t<\/div>\n\t\t\t\t\t<div class=\"elementor-post__read-more-wrapper\">\n\t\t\n\t\t<a class=\"elementor-post__read-more\" href=\"https:\/\/mquatro.es\/eu\/acuerdo-historico-en-la-comision-mixta-del-concierto-economico-los-contribuyentes-vascos-no-adelantaran-el-iva-en-aduanas-a-partir-de-2026\/\" aria-label=\"Read more about Acuerdo hist\u00f3rico en la Comisi\u00f3n Mixta del Concierto Econ\u00f3mico: los contribuyentes vascos no adelantar\u00e1n el IVA en aduanas a partir de 2026\" tabindex=\"-1\" target=\"_blank\">\n\t\t\tLeer m\u00e1s \u00bb\t\t<\/a>\n\n\t\t\t\t\t<\/div>\n\t\t\t\t<\/div>\n\t\t\t\t\t<\/div>\n\t\t<\/article>\n\t\t\t\t<article class=\"elementor-post elementor-grid-item post-3626 post type-post status-publish format-standard hentry category-uncategorized\" role=\"listitem\">\n\t\t\t<div class=\"elementor-post__card\">\n\t\t\t\t<div class=\"elementor-post__text\">\n\t\t\t\t<h1 class=\"elementor-post__title\">\n\t\t\t<a href=\"https:\/\/mquatro.es\/eu\/aprobado-el-plan-de-lucha-contra-el-fraude-fiscal-en-bizkaia-para-2025\/\" target=\"&quot;_blank&quot;\">\n\t\t\t\tAprobado el Plan de Lucha contra el Fraude Fiscal en Bizkaia para 2025\t\t\t<\/a>\n\t\t<\/h1>\n\t\t\t\t<div class=\"elementor-post__excerpt\">\n\t\t\t<p>30\/01\/2025 La Hacienda Foral de Bizkaia ha aprobado su nuevo Plan de Lucha contra el Fraude Fiscal para 2025, articulado en torno a cuatro ejes principales: informaci\u00f3n y asistencia al contribuyente, despliegue definitivo del sistema BATUZ, an\u00e1lisis de datos tributarios relevantes, y adaptaci\u00f3n a los desaf\u00edos de la econom\u00eda digital.<\/p>\n\t\t<\/div>\n\t\t\t\t\t<div class=\"elementor-post__read-more-wrapper\">\n\t\t\n\t\t<a class=\"elementor-post__read-more\" href=\"https:\/\/mquatro.es\/eu\/aprobado-el-plan-de-lucha-contra-el-fraude-fiscal-en-bizkaia-para-2025\/\" aria-label=\"Read more about Aprobado el Plan de Lucha contra el Fraude Fiscal en Bizkaia para 2025\" tabindex=\"-1\" target=\"_blank\">\n\t\t\tLeer m\u00e1s \u00bb\t\t<\/a>\n\n\t\t\t\t\t<\/div>\n\t\t\t\t<\/div>\n\t\t\t\t\t<\/div>\n\t\t<\/article>\n\t\t\t\t<article class=\"elementor-post elementor-grid-item post-3592 post type-post status-publish format-standard hentry category-uncategorized\" role=\"listitem\">\n\t\t\t<div class=\"elementor-post__card\">\n\t\t\t\t<div class=\"elementor-post__text\">\n\t\t\t\t<h1 class=\"elementor-post__title\">\n\t\t\t<a href=\"https:\/\/mquatro.es\/eu\/bizkaia-impulsa-una-reforma-fiscal-con-un-nuevo-proyecto-de-norma-foral-centrado-en-la-equidad-la-sostenibilidad-y-el-impulso-economico\/\" target=\"&quot;_blank&quot;\">\n\t\t\t\tBizkaia impulsa una reforma fiscal con un nuevo Proyecto de Norma Foral centrado en la equidad, la sostenibilidad y el impulso econ\u00f3mico\t\t\t<\/a>\n\t\t<\/h1>\n\t\t\t\t<div class=\"elementor-post__excerpt\">\n\t\t\t<p>26\/12\/2024 El Consejo de Gobierno de la Diputaci\u00f3n Foral de Bizkaia ha aprobado el Proyecto de Norma Foral que establece una bater\u00eda de medidas fiscales destinadas a revisar y modernizar el sistema tributario del Territorio Hist\u00f3rico. El objetivo de esta revisi\u00f3n es responder a los retos sociales, econ\u00f3micos y medioambientales<\/p>\n\t\t<\/div>\n\t\t\t\t\t<div class=\"elementor-post__read-more-wrapper\">\n\t\t\n\t\t<a class=\"elementor-post__read-more\" href=\"https:\/\/mquatro.es\/eu\/bizkaia-impulsa-una-reforma-fiscal-con-un-nuevo-proyecto-de-norma-foral-centrado-en-la-equidad-la-sostenibilidad-y-el-impulso-economico\/\" aria-label=\"Read more about Bizkaia impulsa una reforma fiscal con un nuevo Proyecto de Norma Foral centrado en la equidad, la sostenibilidad y el impulso econ\u00f3mico\" tabindex=\"-1\" target=\"_blank\">\n\t\t\tLeer m\u00e1s \u00bb\t\t<\/a>\n\n\t\t\t\t\t<\/div>\n\t\t\t\t<\/div>\n\t\t\t\t\t<\/div>\n\t\t<\/article>\n\t\t\t\t<\/div>\n\t\t\n\t\t\t\t\t\t<\/div>\n\t\t\t\t<\/div>\n\t\t\t\t<\/div>\n\t\t\t\t\t<\/div>\n\t\t\t\t<\/div>\n\t\t\t\t<\/div>","protected":false},"excerpt":{"rendered":"","protected":false},"author":2,"featured_media":0,"parent":0,"menu_order":0,"comment_status":"closed","ping_status":"closed","template":"elementor_canvas","meta":{"footnotes":""},"class_list":["post-3589","page","type-page","status-publish","hentry"],"yoast_head":"<!-- This site is optimized with the Yoast SEO plugin v27.5 - https:\/\/yoast.com\/product\/yoast-seo-wordpress\/ -->\n<title>Noticias - MQuatro Aholularitza<\/title>\n<meta name=\"robots\" content=\"index, follow, max-snippet:-1, max-image-preview:large, max-video-preview:-1\" \/>\n<link rel=\"canonical\" href=\"https:\/\/mquatro.es\/eu\/noticias\/\" \/>\n<meta property=\"og:locale\" content=\"en_US\" \/>\n<meta property=\"og:type\" content=\"article\" \/>\n<meta property=\"og:title\" content=\"Noticias - MQuatro Aholularitza\" \/>\n<meta property=\"og:url\" content=\"https:\/\/mquatro.es\/eu\/noticias\/\" \/>\n<meta property=\"og:site_name\" content=\"MQuatro Aholularitza\" \/>\n<meta property=\"article:modified_time\" content=\"2025-05-07T14:30:37+00:00\" \/>\n<meta name=\"twitter:card\" content=\"summary_large_image\" \/>\n<meta name=\"twitter:label1\" content=\"Est. reading time\" \/>\n\t<meta name=\"twitter:data1\" content=\"4 minutua\" \/>\n<script type=\"application\/ld+json\" class=\"yoast-schema-graph\">{\"@context\":\"https:\\\/\\\/schema.org\",\"@graph\":[{\"@type\":\"WebPage\",\"@id\":\"https:\\\/\\\/mquatro.es\\\/noticias\\\/\",\"url\":\"https:\\\/\\\/mquatro.es\\\/noticias\\\/\",\"name\":\"Noticias - MQuatro Aholularitza\",\"isPartOf\":{\"@id\":\"https:\\\/\\\/mquatro.es\\\/#website\"},\"datePublished\":\"2025-05-07T13:49:51+00:00\",\"dateModified\":\"2025-05-07T14:30:37+00:00\",\"breadcrumb\":{\"@id\":\"https:\\\/\\\/mquatro.es\\\/noticias\\\/#breadcrumb\"},\"inLanguage\":\"eu\",\"potentialAction\":[{\"@type\":\"ReadAction\",\"target\":[\"https:\\\/\\\/mquatro.es\\\/noticias\\\/\"]}]},{\"@type\":\"BreadcrumbList\",\"@id\":\"https:\\\/\\\/mquatro.es\\\/noticias\\\/#breadcrumb\",\"itemListElement\":[{\"@type\":\"ListItem\",\"position\":1,\"name\":\"Portada\",\"item\":\"https:\\\/\\\/mquatro.es\\\/\"},{\"@type\":\"ListItem\",\"position\":2,\"name\":\"Noticias\"}]},{\"@type\":\"WebSite\",\"@id\":\"https:\\\/\\\/mquatro.es\\\/#website\",\"url\":\"https:\\\/\\\/mquatro.es\\\/\",\"name\":\"MQuatro Aholularitza\",\"description\":\"MQuatro Aholularitza S.L, es la sociedad que se constituy\u00f3 para acoger la cartera de clientes que fue generada por una asesor\u00eda comandada por cuatro mujeres, de ah\u00ed su nombre.\",\"publisher\":{\"@id\":\"https:\\\/\\\/mquatro.es\\\/#organization\"},\"potentialAction\":[{\"@type\":\"SearchAction\",\"target\":{\"@type\":\"EntryPoint\",\"urlTemplate\":\"https:\\\/\\\/mquatro.es\\\/?s={search_term_string}\"},\"query-input\":{\"@type\":\"PropertyValueSpecification\",\"valueRequired\":true,\"valueName\":\"search_term_string\"}}],\"inLanguage\":\"eu\"},{\"@type\":\"Organization\",\"@id\":\"https:\\\/\\\/mquatro.es\\\/#organization\",\"name\":\"MQuatro Aholularitza\",\"url\":\"https:\\\/\\\/mquatro.es\\\/\",\"logo\":{\"@type\":\"ImageObject\",\"inLanguage\":\"eu\",\"@id\":\"https:\\\/\\\/mquatro.es\\\/#\\\/schema\\\/logo\\\/image\\\/\",\"url\":\"https:\\\/\\\/mquatro.es\\\/wp-content\\\/uploads\\\/2024\\\/11\\\/cropped-400PngdpiLogoCropped.png\",\"contentUrl\":\"https:\\\/\\\/mquatro.es\\\/wp-content\\\/uploads\\\/2024\\\/11\\\/cropped-400PngdpiLogoCropped.png\",\"width\":2446,\"height\":764,\"caption\":\"MQuatro Aholularitza\"},\"image\":{\"@id\":\"https:\\\/\\\/mquatro.es\\\/#\\\/schema\\\/logo\\\/image\\\/\"}}]}<\/script>\n<!-- \/ Yoast SEO plugin. -->","yoast_head_json":{"title":"Noticias - MQuatro Aholularitza","robots":{"index":"index","follow":"follow","max-snippet":"max-snippet:-1","max-image-preview":"max-image-preview:large","max-video-preview":"max-video-preview:-1"},"canonical":"https:\/\/mquatro.es\/eu\/noticias\/","og_locale":"en_US","og_type":"article","og_title":"Noticias - MQuatro Aholularitza","og_url":"https:\/\/mquatro.es\/eu\/noticias\/","og_site_name":"MQuatro Aholularitza","article_modified_time":"2025-05-07T14:30:37+00:00","twitter_card":"summary_large_image","twitter_misc":{"Est. reading time":"4 minutua"},"schema":{"@context":"https:\/\/schema.org","@graph":[{"@type":"WebPage","@id":"https:\/\/mquatro.es\/noticias\/","url":"https:\/\/mquatro.es\/noticias\/","name":"Noticias - MQuatro Aholularitza","isPartOf":{"@id":"https:\/\/mquatro.es\/#website"},"datePublished":"2025-05-07T13:49:51+00:00","dateModified":"2025-05-07T14:30:37+00:00","breadcrumb":{"@id":"https:\/\/mquatro.es\/noticias\/#breadcrumb"},"inLanguage":"eu","potentialAction":[{"@type":"ReadAction","target":["https:\/\/mquatro.es\/noticias\/"]}]},{"@type":"BreadcrumbList","@id":"https:\/\/mquatro.es\/noticias\/#breadcrumb","itemListElement":[{"@type":"ListItem","position":1,"name":"Portada","item":"https:\/\/mquatro.es\/"},{"@type":"ListItem","position":2,"name":"Noticias"}]},{"@type":"WebSite","@id":"https:\/\/mquatro.es\/#website","url":"https:\/\/mquatro.es\/","name":"MQuatro Aholularitza","description":"MQuatro Aholularitza S.L, es la sociedad que se constituy\u00f3 para acoger la cartera de clientes que fue generada por una asesor\u00eda comandada por cuatro mujeres, de ah\u00ed su nombre.","publisher":{"@id":"https:\/\/mquatro.es\/#organization"},"potentialAction":[{"@type":"SearchAction","target":{"@type":"EntryPoint","urlTemplate":"https:\/\/mquatro.es\/?s={search_term_string}"},"query-input":{"@type":"PropertyValueSpecification","valueRequired":true,"valueName":"search_term_string"}}],"inLanguage":"eu"},{"@type":"Organization","@id":"https:\/\/mquatro.es\/#organization","name":"MQuatro Aholularitza","url":"https:\/\/mquatro.es\/","logo":{"@type":"ImageObject","inLanguage":"eu","@id":"https:\/\/mquatro.es\/#\/schema\/logo\/image\/","url":"https:\/\/mquatro.es\/wp-content\/uploads\/2024\/11\/cropped-400PngdpiLogoCropped.png","contentUrl":"https:\/\/mquatro.es\/wp-content\/uploads\/2024\/11\/cropped-400PngdpiLogoCropped.png","width":2446,"height":764,"caption":"MQuatro Aholularitza"},"image":{"@id":"https:\/\/mquatro.es\/#\/schema\/logo\/image\/"}}]}},"_links":{"self":[{"href":"https:\/\/mquatro.es\/eu\/wp-json\/wp\/v2\/pages\/3589","targetHints":{"allow":["GET"]}}],"collection":[{"href":"https:\/\/mquatro.es\/eu\/wp-json\/wp\/v2\/pages"}],"about":[{"href":"https:\/\/mquatro.es\/eu\/wp-json\/wp\/v2\/types\/page"}],"author":[{"embeddable":true,"href":"https:\/\/mquatro.es\/eu\/wp-json\/wp\/v2\/users\/2"}],"replies":[{"embeddable":true,"href":"https:\/\/mquatro.es\/eu\/wp-json\/wp\/v2\/comments?post=3589"}],"version-history":[{"count":22,"href":"https:\/\/mquatro.es\/eu\/wp-json\/wp\/v2\/pages\/3589\/revisions"}],"predecessor-version":[{"id":3734,"href":"https:\/\/mquatro.es\/eu\/wp-json\/wp\/v2\/pages\/3589\/revisions\/3734"}],"wp:attachment":[{"href":"https:\/\/mquatro.es\/eu\/wp-json\/wp\/v2\/media?parent=3589"}],"curies":[{"name":"wp","href":"https:\/\/api.w.org\/{rel}","templated":true}]}}